{"id":29230,"date":"2021-02-22T13:41:38","date_gmt":"2021-02-22T16:41:38","guid":{"rendered":"https:\/\/swimchannel.net\/br\/?page_id=29230"},"modified":"2021-02-22T13:41:38","modified_gmt":"2021-02-22T16:41:38","slug":"troca-e-devolucao","status":"publish","type":"page","link":"https:\/\/swimchannel.net\/br\/troca-e-devolucao\/","title":{"rendered":"Troca e Devolu\u00e7\u00e3o"},"content":{"rendered":"<header class=\"institutional-header\">\n<h1>Pol\u00edtica de Trocas e Devolu\u00e7\u00e3o<\/h1>\n<\/header>\n<div class=\"institutional-content\">\n<p>A SWIM CHANNEL oferece a todos os clientes os melhores acess\u00f3rios e eventos relacionados a nata\u00e7\u00e3o e as \u00e1guas abertas. Nosso maior compromisso \u00e9 com o bem-estar e satisfa\u00e7\u00e3o dos clientes.<\/p>\n<p>Por isso, aceitamos a devolu\u00e7\u00e3o do produto sem uso no prazo de at\u00e9 7 dias corridos ap\u00f3s o recebimento da compra, sem custo adicional. Para efetuar a troca ou devolu\u00e7\u00e3o de algum item o cliente precisa entrar em contato com a nossa central de atendimento atrav\u00e9s do e-mail\u00a0<a href=\"mailto:sac@swimchannel.com.br\">sac@swimchannel.com.br<\/a>\u00a0para efetuar os tr\u00e2mites da troca.<\/p>\n<p><strong>Aceitaremos efetuar a troca de um produto pelos seguintes motivos:<\/strong><br \/>\n<strong>&#8211; Defeito com o produto recebido:<\/strong>\u00a0Caso o produto esteja danificado o cliente pode solicitar uma troca em at\u00e9 sete dias. Caso o defeito tenha sido causado por problemas na utiliza\u00e7\u00e3o ou por uso indevido, o cliente deve procurar o fabricante. Caso o prazo de devolu\u00e7\u00e3o tenha vencido, o cliente deve procurar o fabricante.<\/p>\n<p><strong>&#8211; Avarias do produto ou embalagem violada:<\/strong>\u00a0Caso voc\u00ea note alguma avaria ou a embalagem esteja violada, recomendamos que o cliente ou porteiro do pr\u00e9dio n\u00e3o aceite a entrega e informe nossa central de atendimento sobre o ocorrido.<\/p>\n<p><strong>&#8211; Insatisfa\u00e7\u00e3o com o produto:<\/strong>\u00a0Caso o cliente recebeu a compra, n\u00e3o ficou satisfeito ou comprou o produto errado podemos efetuar uma devolu\u00e7\u00e3o ou troca em at\u00e9 7 dias, contanto que o produto esteja em sua embalagem original e sem ind\u00edcios de uso. Contudo, os custos do envio pelos correios ficar\u00e3o por parte total do cliente, j\u00e1 que n\u00e3o se configura defeito ou avaria na embalagem.<\/p>\n<p><strong>Formas de devolu\u00e7\u00e3o de um produto:<\/strong><br \/>\n<strong>&#8211; Recusa no ato da entrega:<\/strong>\u00a0No ato de entrega do pedido, informe imediatamente ao transportador o motivo de recusa do servi\u00e7o. Dessa forma seu produto ser\u00e1 devolvido a nossa equipe.<\/p>\n<p><strong>&#8211; Postagem do produto:<\/strong>\u00a0Ap\u00f3s solicitar a devolu\u00e7\u00e3o do pedido a nossa central, voc\u00ea receber\u00e1 uma notifica\u00e7\u00e3o por e-mail com um c\u00f3digo de postagem que permitir\u00e1 que voc\u00ea nos envie o produto atrav\u00e9s dos Correios sem custos. Trata-se de uma forma mais r\u00e1pida e segura de devolu\u00e7\u00e3o.<\/p>\n<p><strong>Formas de restitui\u00e7\u00e3o:<\/strong><br \/>\n<strong>&#8211; Cupom de troca:<\/strong>\u00a0Voc\u00ea pode optar por um cupom de troca para ser reembolsado.<\/p>\n<p><strong>&#8211; Estorno em cart\u00e3o:<\/strong>\u00a0Exclusivo para cart\u00f5es de cr\u00e9dito e que seguir\u00e1 as regras da administradora do cart\u00e3o, podendo demorar de uma a duas faturas.<\/p>\n<p><strong>&#8211; Reembolso em conta corrente:<\/strong>\u00a0Pedidos pagos em boleto ter\u00e3o o valor reembolsado atrav\u00e9s de uma conta corrente da mesma titularidade do respons\u00e1vel (CPF) pelo pedido. O prazo de reembolso depende de banco para banco. A restitui\u00e7\u00e3o do valor s\u00f3 ser\u00e1 processada ap\u00f3s a libera\u00e7\u00e3o da devolu\u00e7\u00e3o pelo nosso departamento de controle de qualidade.<\/p>\n<\/div>\n","protected":false},"excerpt":{"rendered":"<p>Pol\u00edtica de Trocas e Devolu\u00e7\u00e3o A SWIM CHANNEL oferece a todos os clientes os melhores acess\u00f3rios e eventos relacionados a nata\u00e7\u00e3o e as \u00e1guas abertas. Nosso maior compromisso \u00e9 com o bem-estar e satisfa\u00e7\u00e3o dos clientes. Por isso, aceitamos a devolu\u00e7\u00e3o do produto sem uso no prazo de at\u00e9 7 dias corridos ap\u00f3s o recebimento [&hellip;]<\/p>\n","protected":false},"author":2,"featured_media":0,"parent":0,"menu_order":0,"comment_status":"closed","ping_status":"closed","template":"","meta":{"footnotes":""},"class_list":["post-29230","page","type-page","status-publish","hentry"],"yoast_head":"<!-- This site is optimized with the Yoast SEO plugin v27.0 - https:\/\/yoast.com\/product\/yoast-seo-wordpress\/ -->\n<title>Troca e Devolu\u00e7\u00e3o - Swimchannel<\/title>\n<meta name=\"robots\" content=\"index, follow, max-snippet:-1, max-image-preview:large, max-video-preview:-1\" \/>\n<link rel=\"canonical\" href=\"https:\/\/swimchannel.net\/br\/troca-e-devolucao\/\" \/>\n<meta property=\"og:locale\" content=\"pt_BR\" \/>\n<meta property=\"og:type\" content=\"article\" \/>\n<meta property=\"og:title\" content=\"Troca e Devolu\u00e7\u00e3o - Swimchannel\" \/>\n<meta property=\"og:description\" content=\"Pol\u00edtica de Trocas e Devolu\u00e7\u00e3o A SWIM CHANNEL oferece a todos os clientes os melhores acess\u00f3rios e eventos relacionados a nata\u00e7\u00e3o e as \u00e1guas abertas. Nosso maior compromisso \u00e9 com o bem-estar e satisfa\u00e7\u00e3o dos clientes. Por isso, aceitamos a devolu\u00e7\u00e3o do produto sem uso no prazo de at\u00e9 7 dias corridos ap\u00f3s o recebimento [&hellip;]\" \/>\n<meta property=\"og:url\" content=\"https:\/\/swimchannel.net\/br\/troca-e-devolucao\/\" \/>\n<meta property=\"og:site_name\" content=\"Swimchannel\" \/>\n<meta property=\"article:publisher\" content=\"https:\/\/www.facebook.com\/swimchannel\" \/>\n<meta name=\"twitter:card\" content=\"summary_large_image\" \/>\n<meta name=\"twitter:label1\" content=\"Est. tempo de leitura\" \/>\n\t<meta name=\"twitter:data1\" content=\"2 minutos\" \/>\n<script type=\"application\/ld+json\" class=\"yoast-schema-graph\">{\"@context\":\"https:\/\/schema.org\",\"@graph\":[{\"@type\":\"WebPage\",\"@id\":\"https:\/\/swimchannel.net\/br\/troca-e-devolucao\/\",\"url\":\"https:\/\/swimchannel.net\/br\/troca-e-devolucao\/\",\"name\":\"Troca e Devolu\u00e7\u00e3o - Swimchannel\",\"isPartOf\":{\"@id\":\"https:\/\/swimchannel.net\/br\/#website\"},\"datePublished\":\"2021-02-22T16:41:38+00:00\",\"breadcrumb\":{\"@id\":\"https:\/\/swimchannel.net\/br\/troca-e-devolucao\/#breadcrumb\"},\"inLanguage\":\"pt-BR\",\"potentialAction\":[{\"@type\":\"ReadAction\",\"target\":[\"https:\/\/swimchannel.net\/br\/troca-e-devolucao\/\"]}]},{\"@type\":\"BreadcrumbList\",\"@id\":\"https:\/\/swimchannel.net\/br\/troca-e-devolucao\/#breadcrumb\",\"itemListElement\":[{\"@type\":\"ListItem\",\"position\":1,\"name\":\"Home\",\"item\":\"https:\/\/swimchannel.net\/br\/\"},{\"@type\":\"ListItem\",\"position\":2,\"name\":\"Troca e Devolu\u00e7\u00e3o\"}]},{\"@type\":\"WebSite\",\"@id\":\"https:\/\/swimchannel.net\/br\/#website\",\"url\":\"https:\/\/swimchannel.net\/br\/\",\"name\":\"Swimchannel\",\"description\":\"Maior portal de nata\u00e7\u00e3o da america latina\",\"publisher\":{\"@id\":\"https:\/\/swimchannel.net\/br\/#organization\"},\"potentialAction\":[{\"@type\":\"SearchAction\",\"target\":{\"@type\":\"EntryPoint\",\"urlTemplate\":\"https:\/\/swimchannel.net\/br\/?s={search_term_string}\"},\"query-input\":{\"@type\":\"PropertyValueSpecification\",\"valueRequired\":true,\"valueName\":\"search_term_string\"}}],\"inLanguage\":\"pt-BR\"},{\"@type\":\"Organization\",\"@id\":\"https:\/\/swimchannel.net\/br\/#organization\",\"name\":\"Swimchannel - Conectando voc\u00ea a Nata\u00e7\u00e3o\",\"url\":\"https:\/\/swimchannel.net\/br\/\",\"logo\":{\"@type\":\"ImageObject\",\"inLanguage\":\"pt-BR\",\"@id\":\"https:\/\/swimchannel.net\/br\/#\/schema\/logo\/image\/\",\"url\":\"https:\/\/swimchannel.net\/br\/wp-content\/uploads\/2026\/02\/SWIM-CHANNEL.png\",\"contentUrl\":\"https:\/\/swimchannel.net\/br\/wp-content\/uploads\/2026\/02\/SWIM-CHANNEL.png\",\"width\":1120,\"height\":630,\"caption\":\"Swimchannel - Conectando voc\u00ea a Nata\u00e7\u00e3o\"},\"image\":{\"@id\":\"https:\/\/swimchannel.net\/br\/#\/schema\/logo\/image\/\"},\"sameAs\":[\"https:\/\/www.facebook.com\/swimchannel\",\"https:\/\/www.instagram.com\/swimchannel\"]}]}<\/script>\n<!-- \/ Yoast SEO plugin. -->","yoast_head_json":{"title":"Troca e Devolu\u00e7\u00e3o - Swimchannel","robots":{"index":"index","follow":"follow","max-snippet":"max-snippet:-1","max-image-preview":"max-image-preview:large","max-video-preview":"max-video-preview:-1"},"canonical":"https:\/\/swimchannel.net\/br\/troca-e-devolucao\/","og_locale":"pt_BR","og_type":"article","og_title":"Troca e Devolu\u00e7\u00e3o - Swimchannel","og_description":"Pol\u00edtica de Trocas e Devolu\u00e7\u00e3o A SWIM CHANNEL oferece a todos os clientes os melhores acess\u00f3rios e eventos relacionados a nata\u00e7\u00e3o e as \u00e1guas abertas. Nosso maior compromisso \u00e9 com o bem-estar e satisfa\u00e7\u00e3o dos clientes. Por isso, aceitamos a devolu\u00e7\u00e3o do produto sem uso no prazo de at\u00e9 7 dias corridos ap\u00f3s o recebimento [&hellip;]","og_url":"https:\/\/swimchannel.net\/br\/troca-e-devolucao\/","og_site_name":"Swimchannel","article_publisher":"https:\/\/www.facebook.com\/swimchannel","twitter_card":"summary_large_image","twitter_misc":{"Est. tempo de leitura":"2 minutos"},"schema":{"@context":"https:\/\/schema.org","@graph":[{"@type":"WebPage","@id":"https:\/\/swimchannel.net\/br\/troca-e-devolucao\/","url":"https:\/\/swimchannel.net\/br\/troca-e-devolucao\/","name":"Troca e Devolu\u00e7\u00e3o - Swimchannel","isPartOf":{"@id":"https:\/\/swimchannel.net\/br\/#website"},"datePublished":"2021-02-22T16:41:38+00:00","breadcrumb":{"@id":"https:\/\/swimchannel.net\/br\/troca-e-devolucao\/#breadcrumb"},"inLanguage":"pt-BR","potentialAction":[{"@type":"ReadAction","target":["https:\/\/swimchannel.net\/br\/troca-e-devolucao\/"]}]},{"@type":"BreadcrumbList","@id":"https:\/\/swimchannel.net\/br\/troca-e-devolucao\/#breadcrumb","itemListElement":[{"@type":"ListItem","position":1,"name":"Home","item":"https:\/\/swimchannel.net\/br\/"},{"@type":"ListItem","position":2,"name":"Troca e Devolu\u00e7\u00e3o"}]},{"@type":"WebSite","@id":"https:\/\/swimchannel.net\/br\/#website","url":"https:\/\/swimchannel.net\/br\/","name":"Swimchannel","description":"Maior portal de nata\u00e7\u00e3o da america latina","publisher":{"@id":"https:\/\/swimchannel.net\/br\/#organization"},"potentialAction":[{"@type":"SearchAction","target":{"@type":"EntryPoint","urlTemplate":"https:\/\/swimchannel.net\/br\/?s={search_term_string}"},"query-input":{"@type":"PropertyValueSpecification","valueRequired":true,"valueName":"search_term_string"}}],"inLanguage":"pt-BR"},{"@type":"Organization","@id":"https:\/\/swimchannel.net\/br\/#organization","name":"Swimchannel - Conectando voc\u00ea a Nata\u00e7\u00e3o","url":"https:\/\/swimchannel.net\/br\/","logo":{"@type":"ImageObject","inLanguage":"pt-BR","@id":"https:\/\/swimchannel.net\/br\/#\/schema\/logo\/image\/","url":"https:\/\/swimchannel.net\/br\/wp-content\/uploads\/2026\/02\/SWIM-CHANNEL.png","contentUrl":"https:\/\/swimchannel.net\/br\/wp-content\/uploads\/2026\/02\/SWIM-CHANNEL.png","width":1120,"height":630,"caption":"Swimchannel - Conectando voc\u00ea a Nata\u00e7\u00e3o"},"image":{"@id":"https:\/\/swimchannel.net\/br\/#\/schema\/logo\/image\/"},"sameAs":["https:\/\/www.facebook.com\/swimchannel","https:\/\/www.instagram.com\/swimchannel"]}]}},"_links":{"self":[{"href":"https:\/\/swimchannel.net\/br\/wp-json\/wp\/v2\/pages\/29230","targetHints":{"allow":["GET"]}}],"collection":[{"href":"https:\/\/swimchannel.net\/br\/wp-json\/wp\/v2\/pages"}],"about":[{"href":"https:\/\/swimchannel.net\/br\/wp-json\/wp\/v2\/types\/page"}],"author":[{"embeddable":true,"href":"https:\/\/swimchannel.net\/br\/wp-json\/wp\/v2\/users\/2"}],"replies":[{"embeddable":true,"href":"https:\/\/swimchannel.net\/br\/wp-json\/wp\/v2\/comments?post=29230"}],"version-history":[{"count":0,"href":"https:\/\/swimchannel.net\/br\/wp-json\/wp\/v2\/pages\/29230\/revisions"}],"wp:attachment":[{"href":"https:\/\/swimchannel.net\/br\/wp-json\/wp\/v2\/media?parent=29230"}],"curies":[{"name":"wp","href":"https:\/\/api.w.org\/{rel}","templated":true}]}}