{"id":43628,"date":"2021-07-07T19:35:21","date_gmt":"2021-07-07T22:35:21","guid":{"rendered":"https:\/\/swimchannel.net\/br\/?page_id=43628"},"modified":"2021-07-07T20:31:59","modified_gmt":"2021-07-07T23:31:59","slug":"magazine33","status":"publish","type":"page","link":"https:\/\/swimchannel.net\/br\/magazine33\/","title":{"rendered":"Magazine Revista Edi\u00e7\u00e3o #33 (International Sales)"},"content":{"rendered":"<p>[vc_row][vc_column width=&#8221;1\/2&#8243;][vc_images_carousel images=&#8221;43651,43652&#8243; img_size=&#8221;full&#8221; onclick=&#8221;link_no&#8221;][\/vc_column][vc_column width=&#8221;1\/2&#8243;][vc_raw_html]JTNDZGl2JTIwaWQlM0QlMjJzbWFydC1idXR0b24tY29udGFpbmVyJTIyJTNFJTBBJTIwJTIwJTIwJTIwJTIwJTIwJTNDZGl2JTIwc3R5bGUlM0QlMjJ0ZXh0LWFsaWduJTNBJTIwY2VudGVyJTNCJTIyJTNFJTBBJTIwJTIwJTIwJTIwJTIwJTIwJTIwJTIwJTNDZGl2JTIwaWQlM0QlMjJwYXlwYWwtYnV0dG9uLWNvbnRhaW5lciUyMiUzRSUzQyUyRmRpdiUzRSUwQSUyMCUyMCUyMCUyMCUyMCUyMCUzQyUyRmRpdiUzRSUwQSUyMCUyMCUyMCUyMCUzQyUyRmRpdiUzRSUwQSUyMCUyMCUzQ3NjcmlwdCUyMHNyYyUzRCUyMmh0dHBzJTNBJTJGJTJGd3d3LnBheXBhbC5jb20lMkZzZGslMkZqcyUzRmNsaWVudC1pZCUzREFRVFlOV3BKTXlEcktSSjVJSTdOUGthRF9JaDY1eGZJakxCWEVsUl9PZUdNMDBlRWU5S2NlUFBGTm9hNTI2LTF1Sm1MLWZ3NGpmUEZVRkpnJTI2ZW5hYmxlLWZ1bmRpbmclM0R2ZW5tbyUyNmN1cnJlbmN5JTNEQlJMJTIyJTIwZGF0YS1zZGstaW50ZWdyYXRpb24tc291cmNlJTNEJTIyYnV0dG9uLWZhY3RvcnklMjIlM0UlM0MlMkZzY3JpcHQlM0UlMEElMjAlMjAlM0NzY3JpcHQlM0UlMEElMjAlMjAlMjAlMjBmdW5jdGlvbiUyMGluaXRQYXlQYWxCdXR0b24lMjglMjklMjAlN0IlMEElMjAlMjAlMjAlMjAlMjAlMjBwYXlwYWwuQnV0dG9ucyUyOCU3QiUwQSUyMCUyMCUyMCUyMCUyMCUyMCUyMCUyMHN0eWxlJTNBJTIwJTdCJTBBJTIwJTIwJTIwJTIwJTIwJTIwJTIwJTIwJTIwJTIwc2hhcGUlM0ElMjAlMjdyZWN0JTI3JTJDJTBBJTIwJTIwJTIwJTIwJTIwJTIwJTIwJTIwJTIwJTIwY29sb3IlM0ElMjAlMjdnb2xkJTI3JTJDJTBBJTIwJTIwJTIwJTIwJTIwJTIwJTIwJTIwJTIwJTIwbGF5b3V0JTNBJTIwJTI3dmVydGljYWwlMjclMkMlMEElMjAlMjAlMjAlMjAlMjAlMjAlMjAlMjAlMjAlMjBsYWJlbCUzQSUyMCUyN3BheXBhbCUyNyUyQyUwQSUyMCUyMCUyMCUyMCUyMCUyMCUyMCUyMCUyMCUyMCUwQSUyMCUyMCUyMCUyMCUyMCUyMCUyMCUyMCU3RCUyQyUwQSUwQSUyMCUyMCUyMCUyMCUyMCUyMCUyMCUyMGNyZWF0ZU9yZGVyJTNBJTIwZnVuY3Rpb24lMjhkYXRhJTJDJTIwYWN0aW9ucyUyOSUyMCU3QiUwQSUyMCUyMCUyMCUyMCUyMCUyMCUyMCUyMCUyMCUyMHJldHVybiUyMGFjdGlvbnMub3JkZXIuY3JlYXRlJTI4JTdCJTBBJTIwJTIwJTIwJTIwJTIwJTIwJTIwJTIwJTIwJTIwJTIwJTIwcHVyY2hhc2VfdW5pdHMlM0ElMjAlNUIlN0IlMjJkZXNjcmlwdGlvbiUyMiUzQSUyMk1hZ2F6aW5lJTIwUjMzJTIwJTI4SW50ZXJuYXRpb25hbCUyMFNhbGVzJTI5JTIyJTJDJTIyYW1vdW50JTIyJTNBJTdCJTIyY3VycmVuY3lfY29kZSUyMiUzQSUyMkJSTCUyMiUyQyUyMnZhbHVlJTIyJTNBODAlN0QlN0QlNUQlMEElMjAlMjAlMjAlMjAlMjAlMjAlMjAlMjAlMjAlMjAlN0QlMjklM0IlMEElMjAlMjAlMjAlMjAlMjAlMjAlMjAlMjAlN0QlMkMlMEElMEElMjAlMjAlMjAlMjAlMjAlMjAlMjAlMjBvbkFwcHJvdmUlM0ElMjBmdW5jdGlvbiUyOGRhdGElMkMlMjBhY3Rpb25zJTI5JTIwJTdCJTBBJTIwJTIwJTIwJTIwJTIwJTIwJTIwJTIwJTIwJTIwcmV0dXJuJTIwYWN0aW9ucy5vcmRlci5jYXB0dXJlJTI4JTI5LnRoZW4lMjhmdW5jdGlvbiUyOGRldGFpbHMlMjklMjAlN0IlMEElMjAlMjAlMjAlMjAlMjAlMjAlMjAlMjAlMjAlMjAlMjAlMjBhbGVydCUyOCUyN1RyYW5zYWN0aW9uJTIwY29tcGxldGVkJTIwYnklMjAlMjclMjAlMkIlMjBkZXRhaWxzLnBheWVyLm5hbWUuZ2l2ZW5fbmFtZSUyMCUyQiUyMCUyNyUyMSUyNyUyOSUzQiUwQSUyMCUyMCUyMCUyMCUyMCUyMCUyMCUyMCUyMCUyMCU3RCUyOSUzQiUwQSUyMCUyMCUyMCUyMCUyMCUyMCUyMCUyMCU3RCUyQyUwQSUwQSUyMCUyMCUyMCUyMCUyMCUyMCUyMCUyMG9uRXJyb3IlM0ElMjBmdW5jdGlvbiUyOGVyciUyOSUyMCU3QiUwQSUyMCUyMCUyMCUyMCUyMCUyMCUyMCUyMCUyMCUyMGNvbnNvbGUubG9nJTI4ZXJyJTI5JTNCJTBBJTIwJTIwJTIwJTIwJTIwJTIwJTIwJTIwJTdEJTBBJTIwJTIwJTIwJTIwJTIwJTIwJTdEJTI5LnJlbmRlciUyOCUyNyUyM3BheXBhbC1idXR0b24tY29udGFpbmVyJTI3JTI5JTNCJTBBJTIwJTIwJTIwJTIwJTdEJTBBJTIwJTIwJTIwJTIwaW5pdFBheVBhbEJ1dHRvbiUyOCUyOSUzQiUwQSUyMCUyMCUzQyUyRnNjcmlwdCUzRQ==[\/vc_raw_html][\/vc_column][\/vc_row]<\/p>\n","protected":false},"excerpt":{"rendered":"<p>[vc_row][vc_column width=&#8221;1\/2&#8243;][vc_images_carousel images=&#8221;43651,43652&#8243; img_size=&#8221;full&#8221; onclick=&#8221;link_no&#8221;][\/vc_column][vc_column width=&#8221;1\/2&#8243;][vc_raw_html]JTNDZGl2JTIwaWQlM0QlMjJzbWFydC1idXR0b24tY29udGFpbmVyJTIyJTNFJTBBJTIwJTIwJTIwJTIwJTIwJTIwJTNDZGl2JTIwc3R5bGUlM0QlMjJ0ZXh0LWFsaWduJTNBJTIwY2VudGVyJTNCJTIyJTNFJTBBJTIwJTIwJTIwJTIwJTIwJTIwJTIwJTIwJTNDZGl2JTIwaWQlM0QlMjJwYXlwYWwtYnV0dG9uLWNvbnRhaW5lciUyMiUzRSUzQyUyRmRpdiUzRSUwQSUyMCUyMCUyMCUyMCUyMCUyMCUzQyUyRmRpdiUzRSUwQSUyMCUyMCUyMCUyMCUzQyUyRmRpdiUzRSUwQSUyMCUyMCUzQ3NjcmlwdCUyMHNyYyUzRCUyMmh0dHBzJTNBJTJGJTJGd3d3LnBheXBhbC5jb20lMkZzZGslMkZqcyUzRmNsaWVudC1pZCUzREFRVFlOV3BKTXlEcktSSjVJSTdOUGthRF9JaDY1eGZJakxCWEVsUl9PZUdNMDBlRWU5S2NlUFBGTm9hNTI2LTF1Sm1MLWZ3NGpmUEZVRkpnJTI2ZW5hYmxlLWZ1bmRpbmclM0R2ZW5tbyUyNmN1cnJlbmN5JTNEQlJMJTIyJTIwZGF0YS1zZGstaW50ZWdyYXRpb24tc291cmNlJTNEJTIyYnV0dG9uLWZhY3RvcnklMjIlM0UlM0MlMkZzY3JpcHQlM0UlMEElMjAlMjAlM0NzY3JpcHQlM0UlMEElMjAlMjAlMjAlMjBmdW5jdGlvbiUyMGluaXRQYXlQYWxCdXR0b24lMjglMjklMjAlN0IlMEElMjAlMjAlMjAlMjAlMjAlMjBwYXlwYWwuQnV0dG9ucyUyOCU3QiUwQSUyMCUyMCUyMCUyMCUyMCUyMCUyMCUyMHN0eWxlJTNBJTIwJTdCJTBBJTIwJTIwJTIwJTIwJTIwJTIwJTIwJTIwJTIwJTIwc2hhcGUlM0ElMjAlMjdyZWN0JTI3JTJDJTBBJTIwJTIwJTIwJTIwJTIwJTIwJTIwJTIwJTIwJTIwY29sb3IlM0ElMjAlMjdnb2xkJTI3JTJDJTBBJTIwJTIwJTIwJTIwJTIwJTIwJTIwJTIwJTIwJTIwbGF5b3V0JTNBJTIwJTI3dmVydGljYWwlMjclMkMlMEElMjAlMjAlMjAlMjAlMjAlMjAlMjAlMjAlMjAlMjBsYWJlbCUzQSUyMCUyN3BheXBhbCUyNyUyQyUwQSUyMCUyMCUyMCUyMCUyMCUyMCUyMCUyMCUyMCUyMCUwQSUyMCUyMCUyMCUyMCUyMCUyMCUyMCUyMCU3RCUyQyUwQSUwQSUyMCUyMCUyMCUyMCUyMCUyMCUyMCUyMGNyZWF0ZU9yZGVyJTNBJTIwZnVuY3Rpb24lMjhkYXRhJTJDJTIwYWN0aW9ucyUyOSUyMCU3QiUwQSUyMCUyMCUyMCUyMCUyMCUyMCUyMCUyMCUyMCUyMHJldHVybiUyMGFjdGlvbnMub3JkZXIuY3JlYXRlJTI4JTdCJTBBJTIwJTIwJTIwJTIwJTIwJTIwJTIwJTIwJTIwJTIwJTIwJTIwcHVyY2hhc2VfdW5pdHMlM0ElMjAlNUIlN0IlMjJkZXNjcmlwdGlvbiUyMiUzQSUyMk1hZ2F6aW5lJTIwUjMzJTIwJTI4SW50ZXJuYXRpb25hbCUyMFNhbGVzJTI5JTIyJTJDJTIyYW1vdW50JTIyJTNBJTdCJTIyY3VycmVuY3lfY29kZSUyMiUzQSUyMkJSTCUyMiUyQyUyMnZhbHVlJTIyJTNBODAlN0QlN0QlNUQlMEElMjAlMjAlMjAlMjAlMjAlMjAlMjAlMjAlMjAlMjAlN0QlMjklM0IlMEElMjAlMjAlMjAlMjAlMjAlMjAlMjAlMjAlN0QlMkMlMEElMEElMjAlMjAlMjAlMjAlMjAlMjAlMjAlMjBvbkFwcHJvdmUlM0ElMjBmdW5jdGlvbiUyOGRhdGElMkMlMjBhY3Rpb25zJTI5JTIwJTdCJTBBJTIwJTIwJTIwJTIwJTIwJTIwJTIwJTIwJTIwJTIwcmV0dXJuJTIwYWN0aW9ucy5vcmRlci5jYXB0dXJlJTI4JTI5LnRoZW4lMjhmdW5jdGlvbiUyOGRldGFpbHMlMjklMjAlN0IlMEElMjAlMjAlMjAlMjAlMjAlMjAlMjAlMjAlMjAlMjAlMjAlMjBhbGVydCUyOCUyN1RyYW5zYWN0aW9uJTIwY29tcGxldGVkJTIwYnklMjAlMjclMjAlMkIlMjBkZXRhaWxzLnBheWVyLm5hbWUuZ2l2ZW5fbmFtZSUyMCUyQiUyMCUyNyUyMSUyNyUyOSUzQiUwQSUyMCUyMCUyMCUyMCUyMCUyMCUyMCUyMCUyMCUyMCU3RCUyOSUzQiUwQSUyMCUyMCUyMCUyMCUyMCUyMCUyMCUyMCU3RCUyQyUwQSUwQSUyMCUyMCUyMCUyMCUyMCUyMCUyMCUyMG9uRXJyb3IlM0ElMjBmdW5jdGlvbiUyOGVyciUyOSUyMCU3QiUwQSUyMCUyMCUyMCUyMCUyMCUyMCUyMCUyMCUyMCUyMGNvbnNvbGUubG9nJTI4ZXJyJTI5JTNCJTBBJTIwJTIwJTIwJTIwJTIwJTIwJTIwJTIwJTdEJTBBJTIwJTIwJTIwJTIwJTIwJTIwJTdEJTI5LnJlbmRlciUyOCUyNyUyM3BheXBhbC1idXR0b24tY29udGFpbmVyJTI3JTI5JTNCJTBBJTIwJTIwJTIwJTIwJTdEJTBBJTIwJTIwJTIwJTIwaW5pdFBheVBhbEJ1dHRvbiUyOCUyOSUzQiUwQSUyMCUyMCUzQyUyRnNjcmlwdCUzRQ==[\/vc_raw_html][\/vc_column][\/vc_row]<\/p>\n","protected":false},"author":2,"featured_media":0,"parent":0,"menu_order":0,"comment_status":"closed","ping_status":"closed","template":"","meta":{"footnotes":""},"class_list":["post-43628","page","type-page","status-publish","hentry"],"yoast_head":"<!-- This site is optimized with the Yoast SEO plugin v27.0 - https:\/\/yoast.com\/product\/yoast-seo-wordpress\/ -->\n<title>Magazine Revista Edi\u00e7\u00e3o #33 (International Sales) - Swimchannel<\/title>\n<meta name=\"robots\" content=\"index, follow, max-snippet:-1, max-image-preview:large, max-video-preview:-1\" \/>\n<link rel=\"canonical\" href=\"https:\/\/swimchannel.net\/br\/magazine33\/\" \/>\n<meta property=\"og:locale\" content=\"pt_BR\" \/>\n<meta property=\"og:type\" content=\"article\" \/>\n<meta property=\"og:title\" content=\"Magazine Revista Edi\u00e7\u00e3o #33 (International Sales) - Swimchannel\" \/>\n<meta property=\"og:description\" content=\"[vc_row][vc_column width=&#8221;1\/2&#8243;][vc_images_carousel images=&#8221;43651,43652&#8243; img_size=&#8221;full&#8221; onclick=&#8221;link_no&#8221;][\/vc_column][vc_column width=&#8221;1\/2&#8243;][vc_raw_html]JTNDZGl2JTIwaWQlM0QlMjJzbWFydC1idXR0b24tY29udGFpbmVyJTIyJTNFJTBBJTIwJTIwJTIwJTIwJTIwJTIwJTNDZGl2JTIwc3R5bGUlM0QlMjJ0ZXh0LWFsaWduJTNBJTIwY2VudGVyJTNCJTIyJTNFJTBBJTIwJTIwJTIwJTIwJTIwJTIwJTIwJTIwJTNDZGl2JTIwaWQlM0QlMjJwYXlwYWwtYnV0dG9uLWNvbnRhaW5lciUyMiUzRSUzQyUyRmRpdiUzRSUwQSUyMCUyMCUyMCUyMCUyMCUyMCUzQyUyRmRpdiUzRSUwQSUyMCUyMCUyMCUyMCUzQyUyRmRpdiUzRSUwQSUyMCUyMCUzQ3NjcmlwdCUyMHNyYyUzRCUyMmh0dHBzJTNBJTJGJTJGd3d3LnBheXBhbC5jb20lMkZzZGslMkZqcyUzRmNsaWVudC1pZCUzREFRVFlOV3BKTXlEcktSSjVJSTdOUGthRF9JaDY1eGZJakxCWEVsUl9PZUdNMDBlRWU5S2NlUFBGTm9hNTI2LTF1Sm1MLWZ3NGpmUEZVRkpnJTI2ZW5hYmxlLWZ1bmRpbmclM0R2ZW5tbyUyNmN1cnJlbmN5JTNEQlJMJTIyJTIwZGF0YS1zZGstaW50ZWdyYXRpb24tc291cmNlJTNEJTIyYnV0dG9uLWZhY3RvcnklMjIlM0UlM0MlMkZzY3JpcHQlM0UlMEElMjAlMjAlM0NzY3JpcHQlM0UlMEElMjAlMjAlMjAlMjBmdW5jdGlvbiUyMGluaXRQYXlQYWxCdXR0b24lMjglMjklMjAlN0IlMEElMjAlMjAlMjAlMjAlMjAlMjBwYXlwYWwuQnV0dG9ucyUyOCU3QiUwQSUyMCUyMCUyMCUyMCUyMCUyMCUyMCUyMHN0eWxlJTNBJTIwJTdCJTBBJTIwJTIwJTIwJTIwJTIwJTIwJTIwJTIwJTIwJTIwc2hhcGUlM0ElMjAlMjdyZWN0JTI3JTJDJTBBJTIwJTIwJTIwJTIwJTIwJTIwJTIwJTIwJTIwJTIwY29sb3IlM0ElMjAlMjdnb2xkJTI3JTJDJTBBJTIwJTIwJTIwJTIwJTIwJTIwJTIwJTIwJTIwJTIwbGF5b3V0JTNBJTIwJTI3dmVydGljYWwlMjclMkMlMEElMjAlMjAlMjAlMjAlMjAlMjAlMjAlMjAlMjAlMjBsYWJlbCUzQSUyMCUyN3BheXBhbCUyNyUyQyUwQSUyMCUyMCUyMCUyMCUyMCUyMCUyMCUyMCUyMCUyMCUwQSUyMCUyMCUyMCUyMCUyMCUyMCUyMCUyMCU3RCUyQyUwQSUwQSUyMCUyMCUyMCUyMCUyMCUyMCUyMCUyMGNyZWF0ZU9yZGVyJTNBJTIwZnVuY3Rpb24lMjhkYXRhJTJDJTIwYWN0aW9ucyUyOSUyMCU3QiUwQSUyMCUyMCUyMCUyMCUyMCUyMCUyMCUyMCUyMCUyMHJldHVybiUyMGFjdGlvbnMub3JkZXIuY3JlYXRlJTI4JTdCJTBBJTIwJTIwJTIwJTIwJTIwJTIwJTIwJTIwJTIwJTIwJTIwJTIwcHVyY2hhc2VfdW5pdHMlM0ElMjAlNUIlN0IlMjJkZXNjcmlwdGlvbiUyMiUzQSUyMk1hZ2F6aW5lJTIwUjMzJTIwJTI4SW50ZXJuYXRpb25hbCUyMFNhbGVzJTI5JTIyJTJDJTIyYW1vdW50JTIyJTNBJTdCJTIyY3VycmVuY3lfY29kZSUyMiUzQSUyMkJSTCUyMiUyQyUyMnZhbHVlJTIyJTNBODAlN0QlN0QlNUQlMEElMjAlMjAlMjAlMjAlMjAlMjAlMjAlMjAlMjAlMjAlN0QlMjklM0IlMEElMjAlMjAlMjAlMjAlMjAlMjAlMjAlMjAlN0QlMkMlMEElMEElMjAlMjAlMjAlMjAlMjAlMjAlMjAlMjBvbkFwcHJvdmUlM0ElMjBmdW5jdGlvbiUyOGRhdGElMkMlMjBhY3Rpb25zJTI5JTIwJTdCJTBBJTIwJTIwJTIwJTIwJTIwJTIwJTIwJTIwJTIwJTIwcmV0dXJuJTIwYWN0aW9ucy5vcmRlci5jYXB0dXJlJTI4JTI5LnRoZW4lMjhmdW5jdGlvbiUyOGRldGFpbHMlMjklMjAlN0IlMEElMjAlMjAlMjAlMjAlMjAlMjAlMjAlMjAlMjAlMjAlMjAlMjBhbGVydCUyOCUyN1RyYW5zYWN0aW9uJTIwY29tcGxldGVkJTIwYnklMjAlMjclMjAlMkIlMjBkZXRhaWxzLnBheWVyLm5hbWUuZ2l2ZW5fbmFtZSUyMCUyQiUyMCUyNyUyMSUyNyUyOSUzQiUwQSUyMCUyMCUyMCUyMCUyMCUyMCUyMCUyMCUyMCUyMCU3RCUyOSUzQiUwQSUyMCUyMCUyMCUyMCUyMCUyMCUyMCUyMCU3RCUyQyUwQSUwQSUyMCUyMCUyMCUyMCUyMCUyMCUyMCUyMG9uRXJyb3IlM0ElMjBmdW5jdGlvbiUyOGVyciUyOSUyMCU3QiUwQSUyMCUyMCUyMCUyMCUyMCUyMCUyMCUyMCUyMCUyMGNvbnNvbGUubG9nJTI4ZXJyJTI5JTNCJTBBJTIwJTIwJTIwJTIwJTIwJTIwJTIwJTIwJTdEJTBBJTIwJTIwJTIwJTIwJTIwJTIwJTdEJTI5LnJlbmRlciUyOCUyNyUyM3BheXBhbC1idXR0b24tY29udGFpbmVyJTI3JTI5JTNCJTBBJTIwJTIwJTIwJTIwJTdEJTBBJTIwJTIwJTIwJTIwaW5pdFBheVBhbEJ1dHRvbiUyOCUyOSUzQiUwQSUyMCUyMCUzQyUyRnNjcmlwdCUzRQ==[\/vc_raw_html][\/vc_column][\/vc_row]\" \/>\n<meta property=\"og:url\" content=\"https:\/\/swimchannel.net\/br\/magazine33\/\" \/>\n<meta property=\"og:site_name\" content=\"Swimchannel\" \/>\n<meta property=\"article:publisher\" content=\"https:\/\/www.facebook.com\/swimchannel\" \/>\n<meta property=\"article:modified_time\" content=\"2021-07-07T23:31:59+00:00\" \/>\n<meta name=\"twitter:card\" content=\"summary_large_image\" \/>\n<meta name=\"twitter:label1\" content=\"Est. tempo de leitura\" \/>\n\t<meta name=\"twitter:data1\" content=\"1 minuto\" \/>\n<script type=\"application\/ld+json\" class=\"yoast-schema-graph\">{\"@context\":\"https:\/\/schema.org\",\"@graph\":[{\"@type\":\"WebPage\",\"@id\":\"https:\/\/swimchannel.net\/br\/magazine33\/\",\"url\":\"https:\/\/swimchannel.net\/br\/magazine33\/\",\"name\":\"Magazine Revista Edi\u00e7\u00e3o #33 (International Sales) - Swimchannel\",\"isPartOf\":{\"@id\":\"https:\/\/swimchannel.net\/br\/#website\"},\"datePublished\":\"2021-07-07T22:35:21+00:00\",\"dateModified\":\"2021-07-07T23:31:59+00:00\",\"breadcrumb\":{\"@id\":\"https:\/\/swimchannel.net\/br\/magazine33\/#breadcrumb\"},\"inLanguage\":\"pt-BR\",\"potentialAction\":[{\"@type\":\"ReadAction\",\"target\":[\"https:\/\/swimchannel.net\/br\/magazine33\/\"]}]},{\"@type\":\"BreadcrumbList\",\"@id\":\"https:\/\/swimchannel.net\/br\/magazine33\/#breadcrumb\",\"itemListElement\":[{\"@type\":\"ListItem\",\"position\":1,\"name\":\"Home\",\"item\":\"https:\/\/swimchannel.net\/br\/\"},{\"@type\":\"ListItem\",\"position\":2,\"name\":\"Magazine Revista Edi\u00e7\u00e3o #33 (International Sales)\"}]},{\"@type\":\"WebSite\",\"@id\":\"https:\/\/swimchannel.net\/br\/#website\",\"url\":\"https:\/\/swimchannel.net\/br\/\",\"name\":\"Swimchannel\",\"description\":\"Maior portal de nata\u00e7\u00e3o da america latina\",\"publisher\":{\"@id\":\"https:\/\/swimchannel.net\/br\/#organization\"},\"potentialAction\":[{\"@type\":\"SearchAction\",\"target\":{\"@type\":\"EntryPoint\",\"urlTemplate\":\"https:\/\/swimchannel.net\/br\/?s={search_term_string}\"},\"query-input\":{\"@type\":\"PropertyValueSpecification\",\"valueRequired\":true,\"valueName\":\"search_term_string\"}}],\"inLanguage\":\"pt-BR\"},{\"@type\":\"Organization\",\"@id\":\"https:\/\/swimchannel.net\/br\/#organization\",\"name\":\"Swimchannel - Conectando voc\u00ea a Nata\u00e7\u00e3o\",\"url\":\"https:\/\/swimchannel.net\/br\/\",\"logo\":{\"@type\":\"ImageObject\",\"inLanguage\":\"pt-BR\",\"@id\":\"https:\/\/swimchannel.net\/br\/#\/schema\/logo\/image\/\",\"url\":\"https:\/\/swimchannel.net\/br\/wp-content\/uploads\/2026\/02\/SWIM-CHANNEL.png\",\"contentUrl\":\"https:\/\/swimchannel.net\/br\/wp-content\/uploads\/2026\/02\/SWIM-CHANNEL.png\",\"width\":1120,\"height\":630,\"caption\":\"Swimchannel - Conectando voc\u00ea a Nata\u00e7\u00e3o\"},\"image\":{\"@id\":\"https:\/\/swimchannel.net\/br\/#\/schema\/logo\/image\/\"},\"sameAs\":[\"https:\/\/www.facebook.com\/swimchannel\",\"https:\/\/www.instagram.com\/swimchannel\"]}]}<\/script>\n<!-- \/ Yoast SEO plugin. -->","yoast_head_json":{"title":"Magazine Revista Edi\u00e7\u00e3o #33 (International Sales) - Swimchannel","robots":{"index":"index","follow":"follow","max-snippet":"max-snippet:-1","max-image-preview":"max-image-preview:large","max-video-preview":"max-video-preview:-1"},"canonical":"https:\/\/swimchannel.net\/br\/magazine33\/","og_locale":"pt_BR","og_type":"article","og_title":"Magazine Revista Edi\u00e7\u00e3o #33 (International Sales) - Swimchannel","og_description":"[vc_row][vc_column width=&#8221;1\/2&#8243;][vc_images_carousel images=&#8221;43651,43652&#8243; img_size=&#8221;full&#8221; onclick=&#8221;link_no&#8221;][\/vc_column][vc_column width=&#8221;1\/2&#8243;][vc_raw_html]JTNDZGl2JTIwaWQlM0QlMjJzbWFydC1idXR0b24tY29udGFpbmVyJTIyJTNFJTBBJTIwJTIwJTIwJTIwJTIwJTIwJTNDZGl2JTIwc3R5bGUlM0QlMjJ0ZXh0LWFsaWduJTNBJTIwY2VudGVyJTNCJTIyJTNFJTBBJTIwJTIwJTIwJTIwJTIwJTIwJTIwJTIwJTNDZGl2JTIwaWQlM0QlMjJwYXlwYWwtYnV0dG9uLWNvbnRhaW5lciUyMiUzRSUzQyUyRmRpdiUzRSUwQSUyMCUyMCUyMCUyMCUyMCUyMCUzQyUyRmRpdiUzRSUwQSUyMCUyMCUyMCUyMCUzQyUyRmRpdiUzRSUwQSUyMCUyMCUzQ3NjcmlwdCUyMHNyYyUzRCUyMmh0dHBzJTNBJTJGJTJGd3d3LnBheXBhbC5jb20lMkZzZGslMkZqcyUzRmNsaWVudC1pZCUzREFRVFlOV3BKTXlEcktSSjVJSTdOUGthRF9JaDY1eGZJakxCWEVsUl9PZUdNMDBlRWU5S2NlUFBGTm9hNTI2LTF1Sm1MLWZ3NGpmUEZVRkpnJTI2ZW5hYmxlLWZ1bmRpbmclM0R2ZW5tbyUyNmN1cnJlbmN5JTNEQlJMJTIyJTIwZGF0YS1zZGstaW50ZWdyYXRpb24tc291cmNlJTNEJTIyYnV0dG9uLWZhY3RvcnklMjIlM0UlM0MlMkZzY3JpcHQlM0UlMEElMjAlMjAlM0NzY3JpcHQlM0UlMEElMjAlMjAlMjAlMjBmdW5jdGlvbiUyMGluaXRQYXlQYWxCdXR0b24lMjglMjklMjAlN0IlMEElMjAlMjAlMjAlMjAlMjAlMjBwYXlwYWwuQnV0dG9ucyUyOCU3QiUwQSUyMCUyMCUyMCUyMCUyMCUyMCUyMCUyMHN0eWxlJTNBJTIwJTdCJTBBJTIwJTIwJTIwJTIwJTIwJTIwJTIwJTIwJTIwJTIwc2hhcGUlM0ElMjAlMjdyZWN0JTI3JTJDJTBBJTIwJTIwJTIwJTIwJTIwJTIwJTIwJTIwJTIwJTIwY29sb3IlM0ElMjAlMjdnb2xkJTI3JTJDJTBBJTIwJTIwJTIwJTIwJTIwJTIwJTIwJTIwJTIwJTIwbGF5b3V0JTNBJTIwJTI3dmVydGljYWwlMjclMkMlMEElMjAlMjAlMjAlMjAlMjAlMjAlMjAlMjAlMjAlMjBsYWJlbCUzQSUyMCUyN3BheXBhbCUyNyUyQyUwQSUyMCUyMCUyMCUyMCUyMCUyMCUyMCUyMCUyMCUyMCUwQSUyMCUyMCUyMCUyMCUyMCUyMCUyMCUyMCU3RCUyQyUwQSUwQSUyMCUyMCUyMCUyMCUyMCUyMCUyMCUyMGNyZWF0ZU9yZGVyJTNBJTIwZnVuY3Rpb24lMjhkYXRhJTJDJTIwYWN0aW9ucyUyOSUyMCU3QiUwQSUyMCUyMCUyMCUyMCUyMCUyMCUyMCUyMCUyMCUyMHJldHVybiUyMGFjdGlvbnMub3JkZXIuY3JlYXRlJTI4JTdCJTBBJTIwJTIwJTIwJTIwJTIwJTIwJTIwJTIwJTIwJTIwJTIwJTIwcHVyY2hhc2VfdW5pdHMlM0ElMjAlNUIlN0IlMjJkZXNjcmlwdGlvbiUyMiUzQSUyMk1hZ2F6aW5lJTIwUjMzJTIwJTI4SW50ZXJuYXRpb25hbCUyMFNhbGVzJTI5JTIyJTJDJTIyYW1vdW50JTIyJTNBJTdCJTIyY3VycmVuY3lfY29kZSUyMiUzQSUyMkJSTCUyMiUyQyUyMnZhbHVlJTIyJTNBODAlN0QlN0QlNUQlMEElMjAlMjAlMjAlMjAlMjAlMjAlMjAlMjAlMjAlMjAlN0QlMjklM0IlMEElMjAlMjAlMjAlMjAlMjAlMjAlMjAlMjAlN0QlMkMlMEElMEElMjAlMjAlMjAlMjAlMjAlMjAlMjAlMjBvbkFwcHJvdmUlM0ElMjBmdW5jdGlvbiUyOGRhdGElMkMlMjBhY3Rpb25zJTI5JTIwJTdCJTBBJTIwJTIwJTIwJTIwJTIwJTIwJTIwJTIwJTIwJTIwcmV0dXJuJTIwYWN0aW9ucy5vcmRlci5jYXB0dXJlJTI4JTI5LnRoZW4lMjhmdW5jdGlvbiUyOGRldGFpbHMlMjklMjAlN0IlMEElMjAlMjAlMjAlMjAlMjAlMjAlMjAlMjAlMjAlMjAlMjAlMjBhbGVydCUyOCUyN1RyYW5zYWN0aW9uJTIwY29tcGxldGVkJTIwYnklMjAlMjclMjAlMkIlMjBkZXRhaWxzLnBheWVyLm5hbWUuZ2l2ZW5fbmFtZSUyMCUyQiUyMCUyNyUyMSUyNyUyOSUzQiUwQSUyMCUyMCUyMCUyMCUyMCUyMCUyMCUyMCUyMCUyMCU3RCUyOSUzQiUwQSUyMCUyMCUyMCUyMCUyMCUyMCUyMCUyMCU3RCUyQyUwQSUwQSUyMCUyMCUyMCUyMCUyMCUyMCUyMCUyMG9uRXJyb3IlM0ElMjBmdW5jdGlvbiUyOGVyciUyOSUyMCU3QiUwQSUyMCUyMCUyMCUyMCUyMCUyMCUyMCUyMCUyMCUyMGNvbnNvbGUubG9nJTI4ZXJyJTI5JTNCJTBBJTIwJTIwJTIwJTIwJTIwJTIwJTIwJTIwJTdEJTBBJTIwJTIwJTIwJTIwJTIwJTIwJTdEJTI5LnJlbmRlciUyOCUyNyUyM3BheXBhbC1idXR0b24tY29udGFpbmVyJTI3JTI5JTNCJTBBJTIwJTIwJTIwJTIwJTdEJTBBJTIwJTIwJTIwJTIwaW5pdFBheVBhbEJ1dHRvbiUyOCUyOSUzQiUwQSUyMCUyMCUzQyUyRnNjcmlwdCUzRQ==[\/vc_raw_html][\/vc_column][\/vc_row]","og_url":"https:\/\/swimchannel.net\/br\/magazine33\/","og_site_name":"Swimchannel","article_publisher":"https:\/\/www.facebook.com\/swimchannel","article_modified_time":"2021-07-07T23:31:59+00:00","twitter_card":"summary_large_image","twitter_misc":{"Est. tempo de leitura":"1 minuto"},"schema":{"@context":"https:\/\/schema.org","@graph":[{"@type":"WebPage","@id":"https:\/\/swimchannel.net\/br\/magazine33\/","url":"https:\/\/swimchannel.net\/br\/magazine33\/","name":"Magazine Revista Edi\u00e7\u00e3o #33 (International Sales) - Swimchannel","isPartOf":{"@id":"https:\/\/swimchannel.net\/br\/#website"},"datePublished":"2021-07-07T22:35:21+00:00","dateModified":"2021-07-07T23:31:59+00:00","breadcrumb":{"@id":"https:\/\/swimchannel.net\/br\/magazine33\/#breadcrumb"},"inLanguage":"pt-BR","potentialAction":[{"@type":"ReadAction","target":["https:\/\/swimchannel.net\/br\/magazine33\/"]}]},{"@type":"BreadcrumbList","@id":"https:\/\/swimchannel.net\/br\/magazine33\/#breadcrumb","itemListElement":[{"@type":"ListItem","position":1,"name":"Home","item":"https:\/\/swimchannel.net\/br\/"},{"@type":"ListItem","position":2,"name":"Magazine Revista Edi\u00e7\u00e3o #33 (International Sales)"}]},{"@type":"WebSite","@id":"https:\/\/swimchannel.net\/br\/#website","url":"https:\/\/swimchannel.net\/br\/","name":"Swimchannel","description":"Maior portal de nata\u00e7\u00e3o da america latina","publisher":{"@id":"https:\/\/swimchannel.net\/br\/#organization"},"potentialAction":[{"@type":"SearchAction","target":{"@type":"EntryPoint","urlTemplate":"https:\/\/swimchannel.net\/br\/?s={search_term_string}"},"query-input":{"@type":"PropertyValueSpecification","valueRequired":true,"valueName":"search_term_string"}}],"inLanguage":"pt-BR"},{"@type":"Organization","@id":"https:\/\/swimchannel.net\/br\/#organization","name":"Swimchannel - Conectando voc\u00ea a Nata\u00e7\u00e3o","url":"https:\/\/swimchannel.net\/br\/","logo":{"@type":"ImageObject","inLanguage":"pt-BR","@id":"https:\/\/swimchannel.net\/br\/#\/schema\/logo\/image\/","url":"https:\/\/swimchannel.net\/br\/wp-content\/uploads\/2026\/02\/SWIM-CHANNEL.png","contentUrl":"https:\/\/swimchannel.net\/br\/wp-content\/uploads\/2026\/02\/SWIM-CHANNEL.png","width":1120,"height":630,"caption":"Swimchannel - Conectando voc\u00ea a Nata\u00e7\u00e3o"},"image":{"@id":"https:\/\/swimchannel.net\/br\/#\/schema\/logo\/image\/"},"sameAs":["https:\/\/www.facebook.com\/swimchannel","https:\/\/www.instagram.com\/swimchannel"]}]}},"_links":{"self":[{"href":"https:\/\/swimchannel.net\/br\/wp-json\/wp\/v2\/pages\/43628","targetHints":{"allow":["GET"]}}],"collection":[{"href":"https:\/\/swimchannel.net\/br\/wp-json\/wp\/v2\/pages"}],"about":[{"href":"https:\/\/swimchannel.net\/br\/wp-json\/wp\/v2\/types\/page"}],"author":[{"embeddable":true,"href":"https:\/\/swimchannel.net\/br\/wp-json\/wp\/v2\/users\/2"}],"replies":[{"embeddable":true,"href":"https:\/\/swimchannel.net\/br\/wp-json\/wp\/v2\/comments?post=43628"}],"version-history":[{"count":0,"href":"https:\/\/swimchannel.net\/br\/wp-json\/wp\/v2\/pages\/43628\/revisions"}],"wp:attachment":[{"href":"https:\/\/swimchannel.net\/br\/wp-json\/wp\/v2\/media?parent=43628"}],"curies":[{"name":"wp","href":"https:\/\/api.w.org\/{rel}","templated":true}]}}