{"id":6189,"date":"2018-01-06T14:38:21","date_gmt":"2018-01-06T16:38:21","guid":{"rendered":"https:\/\/digitalprojects.websiteseguro.com\/projetos\/swimchannel\/?page_id=393"},"modified":"2021-09-27T17:42:00","modified_gmt":"2021-09-27T20:42:00","slug":"sobre-nos","status":"publish","type":"page","link":"https:\/\/swimchannel.net\/la\/sobre-nos\/","title":{"rendered":"Sobre Nosotros"},"content":{"rendered":"<p>[vc_row][vc_column][vc_column_text]<\/p>\n<section class=\"institutional-wrapper institutional-wrapper--about limit-grid\">\n<h3><strong>Descubra los servicios de SWIM CHANNEL<\/strong><\/h3>\n<div><\/div>\n<div>\n<p>Descubra los servicios de <strong>SWIM CHANNEL<\/strong><\/p>\n<p>Swim Channel es hoy el mayor y principal HUB de contenido y servicios de nataci\u00f3n en Brasil.<\/p>\n<p>Nuestra misi\u00f3n es impulsar el segmento, ofreciendo soluciones que atiendan a los practicantes y simpatizantes del deporte.<\/p>\n<p>Somos un HUB de contenidos y servicios dirigidos al universo acu\u00e1tico, actuando como veh\u00edculo de comunicaci\u00f3n, portal de registro de eventos, comercio electr\u00f3nico y producci\u00f3n de eventos deportivos.<\/p>\n<\/div>\n<\/section>\n<section id=\"fale-conosco\" class=\"about-contact\">\n<div class=\"limit-grid-sm\">\n<p>&nbsp;<\/p>\n<\/div>\n<\/section>\n<p>[\/vc_column_text][vc_empty_space][\/vc_column][\/vc_row][vc_row][vc_column width=&#8221;1\/2&#8243;][vc_video link=&#8221;https:\/\/vimeo.com\/486125615&#8243;][\/vc_column][vc_column width=&#8221;1\/2&#8243;][vc_video link=&#8221;https:\/\/vimeo.com\/210677254&#8243;][\/vc_column][\/vc_row][vc_row][vc_column][vc_empty_space][vc_custom_heading text=&#8221;Nuestros canales&#8221; font_container=&#8221;tag:h2|text_align:center&#8221; google_fonts=&#8221;font_family:Roboto%3A100%2C100italic%2C300%2C300italic%2Cregular%2Citalic%2C500%2C500italic%2C700%2C700italic%2C900%2C900italic|font_style:900%20bold%20regular%3A900%3Anormal&#8221;][vc_empty_space][\/vc_column][\/vc_row][vc_row][vc_column width=&#8221;1\/5&#8243;][vc_single_image image=&#8221;29310&#8243; img_size=&#8221;full&#8221; alignment=&#8221;center&#8221;][vc_column_text]<\/p>\n<h3 class=\"about-channels-list-title\" style=\"text-align: center;\"><strong>Sitio<\/strong><\/h3>\n<p class=\"about-channels-list-descr\" style=\"text-align: center;\">As principais not\u00edcias da nata\u00e7\u00e3o e \u00e1guas abertas<\/p>\n<p>[\/vc_column_text][\/vc_column][vc_column width=&#8221;1\/5&#8243;][vc_single_image image=&#8221;29311&#8243; img_size=&#8221;full&#8221; alignment=&#8221;center&#8221;][vc_column_text]<\/p>\n<h3 style=\"text-align: center;\"><strong>Eventos<\/strong><\/h3>\n<p style=\"text-align: center;\">Construye tu horario a trav\u00e9s de nuestro calendario<\/p>\n<p>[\/vc_column_text][\/vc_column][vc_column width=&#8221;1\/5&#8243;][vc_single_image image=&#8221;29312&#8243; img_size=&#8221;full&#8221; alignment=&#8221;center&#8221;][vc_column_text]<\/p>\n<h3 class=\"about-channels-list-title\" style=\"text-align: center;\"><strong>Tienda Online<\/strong><\/h3>\n<p style=\"text-align: center;\">Construye tu horario a trav\u00e9s de nuestro calendario<\/p>\n<p>[\/vc_column_text][\/vc_column][vc_column width=&#8221;1\/5&#8243;][vc_single_image image=&#8221;29313&#8243; img_size=&#8221;full&#8221; alignment=&#8221;center&#8221;][vc_column_text]<\/p>\n<h3 class=\"about-channels-list-title\" style=\"text-align: center;\"><strong>Redes Sociales<\/strong><\/h3>\n<p style=\"text-align: center;\">Siga e interact\u00fae con nuestros canales<\/p>\n<p>[\/vc_column_text][\/vc_column][vc_column width=&#8221;1\/5&#8243;][vc_single_image image=&#8221;29314&#8243; img_size=&#8221;full&#8221; alignment=&#8221;center&#8221;][vc_column_text]<\/p>\n<h3 class=\"about-channels-list-title\" style=\"text-align: center;\"><strong>Boletin Informativo<\/strong><\/h3>\n<p style=\"text-align: center;\">Reciba nuestros boletines por correo electr\u00f3nico<\/p>\n<p>[\/vc_column_text][\/vc_column][\/vc_row][vc_row full_width=&#8221;stretch_row&#8221; vc_row_background=&#8221;&#8221; css=&#8221;.vc_custom_1614084609389{background-color: #003651 !important;}&#8221;][vc_column][vc_empty_space][vc_custom_heading text=&#8221;Nuestros Canales&#8221; font_container=&#8221;tag:h2|text_align:center|color:%23ffffff&#8221; google_fonts=&#8221;font_family:Roboto%3A100%2C100italic%2C300%2C300italic%2Cregular%2Citalic%2C500%2C500italic%2C700%2C700italic%2C900%2C900italic|font_style:900%20bold%20regular%3A900%3Anormal&#8221;][vc_empty_space][vc_row_inner][vc_column_inner width=&#8221;1\/3&#8243;][vc_column_text]<\/p>\n<h3 style=\"text-align: center;\"><strong><span style=\"color: #ffffff;\">CONTENIDO DE MARCA<\/span><\/strong><\/h3>\n<p style=\"text-align: center;\"><span style=\"color: #ffffff;\">Concepci\u00f3n, creaci\u00f3n y producci\u00f3n de contenido audiovisual relevante con contextualizaci\u00f3n de marcas y productos asociados al universo acu\u00e1tico generando mensajes permisivos con un contenido de alto impacto.<\/span><\/p>\n<p>[\/vc_column_text][\/vc_column_inner][vc_column_inner width=&#8221;1\/3&#8243;][vc_column_text]<\/p>\n<h3 style=\"text-align: center;\"><span style=\"color: #ffffff;\"><strong>ACCIONES CON MARCAS Y DEPORTISTAS<\/strong>S<\/span><\/h3>\n<p style=\"text-align: center;\"><span style=\"color: #ffffff;\">Asesoramiento en reglamentaci\u00f3n e intermediaci\u00f3n con deportistas y personalidades del universo deportivo para acciones de marca.<\/span><\/p>\n<p>[\/vc_column_text][\/vc_column_inner][vc_column_inner width=&#8221;1\/3&#8243;][vc_column_text]<\/p>\n<h3 style=\"text-align: center;\"><strong><span style=\"color: #ffffff;\">CONSULTOR\u00cdA DEPORTIVA<\/span><\/strong><\/h3>\n<p style=\"text-align: center;\"><span style=\"color: #ffffff;\">Activaci\u00f3n de marcas en eventos deportivos, negociaci\u00f3n de cuotas de apoyo y patrocinio en eventos deportivos, desarrollo de acciones BTL espec\u00edficas a su demanda y necesidad, consultor\u00eda t\u00e9cnica para la realizaci\u00f3n y producci\u00f3n de eventos deportivos, consultor\u00eda de marketing deportivo para acciones especiales.<\/span><\/p>\n<p>[\/vc_column_text][\/vc_column_inner][\/vc_row_inner][\/vc_column][\/vc_row][vc_row][vc_column][vc_empty_space][vc_custom_heading text=&#8221;Quien ha trabajado con nosotros&#8221; font_container=&#8221;tag:h2|text_align:center&#8221; google_fonts=&#8221;font_family:Roboto%3A100%2C100italic%2C300%2C300italic%2Cregular%2Citalic%2C500%2C500italic%2C700%2C700italic%2C900%2C900italic|font_style:900%20bold%20regular%3A900%3Anormal&#8221;][vc_empty_space][\/vc_column][\/vc_row][vc_row][vc_column width=&#8221;1\/6&#8243;][vc_single_image image=&#8221;29322&#8243; img_size=&#8221;full&#8221;][\/vc_column][vc_column width=&#8221;1\/6&#8243;][vc_single_image image=&#8221;29323&#8243; img_size=&#8221;full&#8221;][\/vc_column][vc_column width=&#8221;1\/6&#8243;][vc_single_image image=&#8221;29324&#8243; img_size=&#8221;full&#8221;][\/vc_column][vc_column width=&#8221;1\/6&#8243;][vc_single_image image=&#8221;29325&#8243; img_size=&#8221;full&#8221;][\/vc_column][vc_column width=&#8221;1\/6&#8243;][vc_single_image image=&#8221;29326&#8243; img_size=&#8221;full&#8221;][\/vc_column][vc_column width=&#8221;1\/6&#8243;][vc_single_image image=&#8221;29327&#8243; img_size=&#8221;full&#8221;][\/vc_column][\/vc_row][vc_row][vc_column width=&#8221;1\/6&#8243;][vc_single_image image=&#8221;29328&#8243; img_size=&#8221;full&#8221;][\/vc_column][vc_column width=&#8221;1\/6&#8243;][vc_single_image image=&#8221;29329&#8243; img_size=&#8221;full&#8221;][\/vc_column][vc_column width=&#8221;1\/6&#8243;][vc_single_image image=&#8221;29330&#8243; img_size=&#8221;full&#8221;][\/vc_column][vc_column width=&#8221;1\/6&#8243;][vc_single_image image=&#8221;29331&#8243; img_size=&#8221;full&#8221;][\/vc_column][vc_column width=&#8221;1\/6&#8243;][vc_single_image image=&#8221;29332&#8243; img_size=&#8221;full&#8221;][\/vc_column][vc_column width=&#8221;1\/6&#8243;][vc_single_image image=&#8221;29334&#8243; img_size=&#8221;full&#8221;][\/vc_column][\/vc_row][vc_row][vc_column width=&#8221;1\/6&#8243;][vc_single_image image=&#8221;29335&#8243; img_size=&#8221;full&#8221;][\/vc_column][vc_column width=&#8221;1\/6&#8243;][vc_single_image image=&#8221;29336&#8243; img_size=&#8221;full&#8221;][\/vc_column][vc_column width=&#8221;1\/6&#8243;][vc_single_image image=&#8221;29337&#8243; img_size=&#8221;full&#8221;][\/vc_column][vc_column width=&#8221;1\/6&#8243;][vc_single_image image=&#8221;29338&#8243; img_size=&#8221;full&#8221;][\/vc_column][vc_column width=&#8221;1\/6&#8243;][vc_single_image image=&#8221;29339&#8243; img_size=&#8221;full&#8221;][\/vc_column][vc_column width=&#8221;1\/6&#8243;][vc_single_image image=&#8221;29340&#8243; img_size=&#8221;full&#8221;][\/vc_column][\/vc_row][vc_row][vc_column width=&#8221;1\/6&#8243;][vc_single_image image=&#8221;29341&#8243; img_size=&#8221;full&#8221;][\/vc_column][vc_column width=&#8221;1\/6&#8243;][vc_single_image image=&#8221;29342&#8243; img_size=&#8221;full&#8221;][\/vc_column][vc_column width=&#8221;1\/6&#8243;][vc_single_image image=&#8221;29343&#8243; img_size=&#8221;full&#8221;][\/vc_column][vc_column width=&#8221;1\/6&#8243;][vc_single_image image=&#8221;29344&#8243; img_size=&#8221;full&#8221;][\/vc_column][vc_column width=&#8221;1\/6&#8243;][vc_single_image image=&#8221;29345&#8243; img_size=&#8221;full&#8221;][\/vc_column][vc_column width=&#8221;1\/6&#8243;][vc_single_image image=&#8221;29346&#8243; img_size=&#8221;full&#8221;][\/vc_column][\/vc_row][vc_row][vc_column width=&#8221;1\/6&#8243;][vc_single_image image=&#8221;29347&#8243; img_size=&#8221;full&#8221;][\/vc_column][vc_column width=&#8221;1\/6&#8243;][vc_single_image image=&#8221;29348&#8243; img_size=&#8221;full&#8221;][\/vc_column][vc_column width=&#8221;1\/6&#8243;][vc_single_image image=&#8221;29349&#8243; img_size=&#8221;full&#8221;][\/vc_column][vc_column width=&#8221;1\/6&#8243;][vc_single_image image=&#8221;29350&#8243; img_size=&#8221;full&#8221;][\/vc_column][vc_column width=&#8221;1\/6&#8243;][vc_single_image image=&#8221;29351&#8243; img_size=&#8221;full&#8221;][\/vc_column][vc_column width=&#8221;1\/6&#8243;][vc_single_image image=&#8221;29352&#8243; img_size=&#8221;full&#8221;][\/vc_column][\/vc_row][vc_row][vc_column width=&#8221;1\/6&#8243;][vc_single_image image=&#8221;29353&#8243; img_size=&#8221;full&#8221;][\/vc_column][vc_column width=&#8221;1\/6&#8243;][vc_single_image image=&#8221;29354&#8243; img_size=&#8221;full&#8221;][\/vc_column][vc_column width=&#8221;1\/6&#8243;][vc_single_image image=&#8221;29355&#8243; img_size=&#8221;full&#8221;][\/vc_column][vc_column width=&#8221;1\/6&#8243;][vc_single_image image=&#8221;29356&#8243; img_size=&#8221;full&#8221;][\/vc_column][vc_column width=&#8221;1\/6&#8243;][vc_single_image image=&#8221;29357&#8243; img_size=&#8221;full&#8221;][\/vc_column][vc_column width=&#8221;1\/6&#8243;][vc_single_image image=&#8221;29358&#8243; img_size=&#8221;full&#8221;][\/vc_column][\/vc_row][vc_row][vc_column width=&#8221;1\/6&#8243;][vc_single_image image=&#8221;29359&#8243; img_size=&#8221;full&#8221;][\/vc_column][vc_column width=&#8221;1\/6&#8243;][vc_single_image image=&#8221;29360&#8243; img_size=&#8221;full&#8221;][\/vc_column][vc_column width=&#8221;1\/6&#8243;][vc_single_image image=&#8221;29361&#8243; img_size=&#8221;full&#8221;][\/vc_column][vc_column width=&#8221;1\/6&#8243;][vc_single_image image=&#8221;29362&#8243; img_size=&#8221;full&#8221;][\/vc_column][vc_column width=&#8221;1\/6&#8243;][vc_single_image image=&#8221;29363&#8243; img_size=&#8221;full&#8221;][\/vc_column][vc_column width=&#8221;1\/6&#8243;][vc_single_image image=&#8221;29364&#8243; img_size=&#8221;full&#8221;][\/vc_column][\/vc_row][vc_row][vc_column width=&#8221;1\/6&#8243;][vc_single_image image=&#8221;29365&#8243; img_size=&#8221;full&#8221;][\/vc_column][vc_column width=&#8221;1\/6&#8243;][vc_single_image image=&#8221;29366&#8243; img_size=&#8221;full&#8221;][\/vc_column][vc_column width=&#8221;1\/6&#8243;][\/vc_column][vc_column width=&#8221;1\/6&#8243;][\/vc_column][vc_column width=&#8221;1\/6&#8243;][\/vc_column][vc_column width=&#8221;1\/6&#8243;][\/vc_column][\/vc_row][vc_row][vc_column][vc_empty_space][vc_custom_heading text=&#8221;Quien ha trabajado con nosotros&#8221; font_container=&#8221;tag:h2|text_align:center&#8221; google_fonts=&#8221;font_family:Roboto%3A100%2C100italic%2C300%2C300italic%2Cregular%2Citalic%2C500%2C500italic%2C700%2C700italic%2C900%2C900italic|font_style:900%20bold%20regular%3A900%3Anormal&#8221;][vc_empty_space][\/vc_column][\/vc_row][vc_row][vc_column width=&#8221;1\/4&#8243;][vc_single_image image=&#8221;29369&#8243; img_size=&#8221;110&#215;110&#8243; alignment=&#8221;center&#8221; style=&#8221;vc_box_circle_2&#8243;][vc_column_text]<\/p>\n<h3 style=\"text-align: center;\">Patrick Winkler<\/h3>\n<p style=\"text-align: center;\">CEO-Grupo Swimchannel<\/p>\n<p style=\"text-align: center;\"><a href=\"mailto:patrick@swimchannel.com.br\">patrick@swimchannel.com.br<\/a><\/p>\n<p>[\/vc_column_text][\/vc_column][vc_column width=&#8221;1\/4&#8243;][vc_single_image image=&#8221;29375&#8243; img_size=&#8221;110&#215;110&#8243; add_caption=&#8221;yes&#8221; alignment=&#8221;center&#8221; style=&#8221;vc_box_circle_2&#8243;][vc_column_text]<\/p>\n<h3 style=\"text-align: center;\">Andre Matheus<\/h3>\n<p style=\"text-align: center;\">Director Comercial<\/p>\n<p style=\"text-align: center;\"><a href=\"mailto:andre@swimchannel.com.br\">andre@swimchannel.com.br<\/a><\/p>\n<p>[\/vc_column_text][\/vc_column][vc_column width=&#8221;1\/4&#8243;][vc_single_image image=&#8221;29372&#8243; img_size=&#8221;110&#215;110&#8243; add_caption=&#8221;yes&#8221; alignment=&#8221;center&#8221; style=&#8221;vc_box_circle_2&#8243;][vc_column_text]<\/p>\n<h3 style=\"text-align: center;\">Alexandre Pussieldi<\/h3>\n<p style=\"text-align: center;\">Editor jefe<\/p>\n<p style=\"text-align: center;\"><a href=\"mailto:coachalexpussieldi@hotmail.com\">coachalexpussieldi@hotmail.com<\/a><\/p>\n<p>[\/vc_column_text][\/vc_column][vc_column width=&#8221;1\/4&#8243;][vc_single_image image=&#8221;29381&#8243; img_size=&#8221;110&#215;110&#8243; add_caption=&#8221;yes&#8221; alignment=&#8221;center&#8221; style=&#8221;vc_box_circle_2&#8243;][vc_column_text]<\/p>\n<h3 style=\"text-align: center;\">Klaus Bernhoeft<\/h3>\n<p style=\"text-align: center;\">Editor jefe<\/p>\n<p style=\"text-align: center;\"><a href=\"mailto:klaus@swimchannel.com.br\">klaus@swimchannel.com.br<\/a><\/p>\n<p>[\/vc_column_text][\/vc_column][\/vc_row][vc_row][vc_column width=&#8221;1\/4&#8243;][vc_single_image image=&#8221;42817&#8243; img_size=&#8221;110&#215;110&#8243; add_caption=&#8221;yes&#8221; alignment=&#8221;center&#8221; style=&#8221;vc_box_circle_2&#8243;][vc_column_text]<\/p>\n<h3 style=\"text-align: center;\">Taciana Hirata<\/h3>\n<p style=\"text-align: center;\">Gerente Comercial<\/p>\n<p style=\"text-align: center;\"><a href=\"taciana@swimchannel.net\">taciana@swimchannel.net<\/a><\/p>\n<p>[\/vc_column_text][\/vc_column][vc_column width=&#8221;1\/4&#8243;][vc_single_image image=&#8221;29376&#8243; img_size=&#8221;110&#215;110&#8243; add_caption=&#8221;yes&#8221; alignment=&#8221;center&#8221; style=&#8221;vc_box_circle_2&#8243;][vc_column_text]<\/p>\n<h3 style=\"text-align: center;\">Andrea Sugimoto<\/h3>\n<p style=\"text-align: center;\">Gerente de Ventas<\/p>\n<p style=\"text-align: center;\"><a href=\"mailto:andrea@swimchannel.com.br\">andrea@swimchannel.com.br<\/a><\/p>\n<p>[\/vc_column_text][\/vc_column][vc_column width=&#8221;1\/4&#8243;][vc_single_image image=&#8221;29422&#8243; img_size=&#8221;110&#215;110&#8243; add_caption=&#8221;yes&#8221; alignment=&#8221;center&#8221; style=&#8221;vc_box_circle_2&#8243;][vc_column_text]<\/p>\n<h3 style=\"text-align: center;\">Cristiane Rinkieviej<\/h3>\n<p style=\"text-align: center;\">Gerente de Finanzas<\/p>\n<p style=\"text-align: center;\"><a href=\"mailto:cristiane@swimchannel.com.br\">cristiane@swimchannel.com.br<\/a><\/p>\n<p>[\/vc_column_text][\/vc_column][vc_column width=&#8221;1\/4&#8243;][vc_single_image image=&#8221;29371&#8243; img_size=&#8221;110&#215;110&#8243; add_caption=&#8221;yes&#8221; alignment=&#8221;center&#8221; style=&#8221;vc_box_circle_2&#8243;][vc_column_text]<\/p>\n<h3 style=\"text-align: center;\">Guilherme Freitas<\/h3>\n<p style=\"text-align: center;\">Periodista S\u00eanior<\/p>\n<p style=\"text-align: center;\"><a href=\"mailto:guilherme@swimchannel.com.br\">guilherme@swimchannel.com.br<\/a><\/p>\n<p>[\/vc_column_text][\/vc_column][\/vc_row][vc_row][vc_column width=&#8221;1\/4&#8243;][vc_single_image image=&#8221;29377&#8243; img_size=&#8221;110&#215;110&#8243; add_caption=&#8221;yes&#8221; alignment=&#8221;center&#8221; style=&#8221;vc_box_circle_2&#8243;][vc_column_text]<\/p>\n<h3 style=\"text-align: center;\">Daniel Takata<\/h3>\n<p style=\"text-align: center;\">Redator<\/p>\n<p style=\"text-align: center;\"><a href=\"mailto:daniel@swimchannel.com.br\">daniel@swimchannel.com.br<\/a><\/p>\n<p>[\/vc_column_text][\/vc_column][vc_column width=&#8221;1\/4&#8243;][vc_single_image image=&#8221;29383&#8243; img_size=&#8221;110&#215;110&#8243; add_caption=&#8221;yes&#8221; alignment=&#8221;center&#8221; style=&#8221;vc_box_circle_2&#8243;][vc_column_text]<\/p>\n<h3 style=\"text-align: center;\">Katarine Monteiro<\/h3>\n<p style=\"text-align: center;\">Periodista<\/p>\n<p style=\"text-align: center;\"><a href=\"mailto:katarine@swimchannel.com.br\">katarine@swimchannel.com.br<\/a><\/p>\n<p>[\/vc_column_text][\/vc_column][vc_column width=&#8221;1\/4&#8243;][vc_single_image image=&#8221;29385&#8243; img_size=&#8221;110&#215;110&#8243; add_caption=&#8221;yes&#8221; alignment=&#8221;center&#8221; style=&#8221;vc_box_circle_2&#8243;][vc_column_text]<\/p>\n<h3 style=\"text-align: center;\">Jos\u00e9 Belarmino<\/h3>\n<p style=\"text-align: center;\">Columnista del sitio &#8211; Triatleta<\/p>\n<p style=\"text-align: center;\"><a href=\"mailto:contato@swimchannel.com.br\">contato@swimchannel.com.br<\/a><\/p>\n<p>[\/vc_column_text][\/vc_column][vc_column width=&#8221;1\/4&#8243;][vc_single_image image=&#8221;29380&#8243; img_size=&#8221;110&#215;110&#8243; add_caption=&#8221;yes&#8221; alignment=&#8221;center&#8221; style=&#8221;vc_box_circle_2&#8243;][vc_column_text]<\/p>\n<h3 style=\"text-align: center;\">Catarina Ganzeli<\/h3>\n<p style=\"text-align: center;\">Columnista del sitio &#8211; Triatleta<\/p>\n<p style=\"text-align: center;\"><a href=\"mailto:contato@swimchannel.com.br\">contato@swimchannel.com.br<\/a><\/p>\n<p>[\/vc_column_text][\/vc_column][\/vc_row][vc_row][vc_column width=&#8221;1\/4&#8243;][vc_single_image image=&#8221;29373&#8243; img_size=&#8221;110&#215;110&#8243; add_caption=&#8221;yes&#8221; alignment=&#8221;center&#8221; style=&#8221;vc_box_circle_2&#8243;][vc_column_text]<\/p>\n<h3 style=\"text-align: center;\">Alexander Rehder<\/h3>\n<p style=\"text-align: center;\">Columnista del sitio &#8211; Triatleta<\/p>\n<p style=\"text-align: center;\"><a href=\"mailto:contato@swimchannel.com.br\">contato@swimchannel.com.br<\/a><\/p>\n<p>[\/vc_column_text][\/vc_column][vc_column width=&#8221;1\/4&#8243;][vc_single_image image=&#8221;29379&#8243; img_size=&#8221;110&#215;110&#8243; add_caption=&#8221;yes&#8221; alignment=&#8221;center&#8221; style=&#8221;vc_box_circle_2&#8243;][vc_column_text]<\/p>\n<h3 style=\"text-align: center;\">Dra. Tathiana Parmigiano<\/h3>\n<p style=\"text-align: center;\">Columnista del sitio &#8211; Ginec\u00f3logo<\/p>\n<p style=\"text-align: center;\"><a href=\"mailto:contato@swimchannel.com.br\">contato@swimchannel.com.br<\/a><\/p>\n<p>[\/vc_column_text][\/vc_column][vc_column width=&#8221;1\/4&#8243;][vc_single_image image=&#8221;29384&#8243; img_size=&#8221;110&#215;110&#8243; add_caption=&#8221;yes&#8221; alignment=&#8221;center&#8221; style=&#8221;vc_box_circle_2&#8243;][vc_column_text]<\/p>\n<h3 style=\"text-align: center;\">Ren\u00ea Leite<\/h3>\n<p style=\"text-align: center;\">Columnista del sitio &#8211; Ginec\u00f3logo<\/p>\n<p style=\"text-align: center;\"><a href=\"mailto:contato@swimchannel.com.br\">contato@swimchannel.com.br<\/a><\/p>\n<p>[\/vc_column_text][\/vc_column][vc_column width=&#8221;1\/4&#8243;][vc_single_image image=&#8221;29374&#8243; img_size=&#8221;110&#215;110&#8243; add_caption=&#8221;yes&#8221; alignment=&#8221;center&#8221; style=&#8221;vc_box_circle_2&#8243;][vc_column_text]<\/p>\n<h3 style=\"text-align: center;\">Dra. Luciana Botelho<\/h3>\n<p style=\"text-align: center;\">Columnista del sitio &#8211; Dermat\u00f3logo<\/p>\n<p style=\"text-align: center;\"><a href=\"mailto:contato@swimchannel.com.br\">contato@swimchannel.com.br<\/a><\/p>\n<p>[\/vc_column_text][\/vc_column][\/vc_row][vc_row][vc_column width=&#8221;1\/3&#8243;][\/vc_column][vc_column width=&#8221;1\/3&#8243;][\/vc_column][vc_column width=&#8221;1\/3&#8243;][\/vc_column][\/vc_row][vc_row vc_row_background=&#8221;&#8221; el_id=&#8221;anucie&#8221;][vc_column][vc_empty_space][vc_custom_heading text=&#8221;Anunciar&#8221; font_container=&#8221;tag:h2|text_align:center&#8221; google_fonts=&#8221;font_family:Roboto%3A100%2C100italic%2C300%2C300italic%2Cregular%2Citalic%2C500%2C500italic%2C700%2C700italic%2C900%2C900italic|font_style:900%20bold%20regular%3A900%3Anormal&#8221;][vc_empty_space][\/vc_column][\/vc_row][vc_row][vc_column][vc_column_text]<\/p>\n<p style=\"text-align: center;\">Anuncie en el portal de nataci\u00f3n m\u00e1s grande de Brasil<\/p>\n<p style=\"text-align: center;\">Comun\u00edquese con nosotros por tel\u00e9fono o correo electr\u00f3nico a continuaci\u00f3n para obtener m\u00e1s informaci\u00f3n sobre los tama\u00f1os y formatos de los banners en nuestro sitio web, la publicidad en la revista impresa y otras formas de asociaci\u00f3n y c\u00f3mo publicitar en el Swim Channel. \u00a1No pierdas el tiempo y publicita tu marca aqu\u00ed en el portal m\u00e1s grande de nataci\u00f3n brasile\u00f1a!<\/p>\n<p style=\"text-align: center;\">Correo electr\u00f3nico: marketing@swimchannel.com.br<\/p>\n<article class=\"about-anuncie-article\">\n<div class=\"about-anuncie-contact\">\n<p class=\"about-anuncie-contact-social\" style=\"text-align: center;\">\n<\/div>\n<\/article>\n<p>[\/vc_column_text][vc_btn title=&#8221;Download Midia KIT&#8221; color=&#8221;info&#8221; align=&#8221;center&#8221; link=&#8221;url:https%3A%2F%2Fswimchannel.net%2Fla%2Fwp-content%2Fuploads%2F2021%2F09%2Fsw1.pdf|target:_blank&#8221;][\/vc_column][\/vc_row][vc_row][vc_column][vc_empty_space][vc_custom_heading text=&#8221;Hable con nosotros&#8221; font_container=&#8221;tag:h2|text_align:center&#8221; google_fonts=&#8221;font_family:Roboto%3A100%2C100italic%2C300%2C300italic%2Cregular%2Citalic%2C500%2C500italic%2C700%2C700italic%2C900%2C900italic|font_style:900%20bold%20regular%3A900%3Anormal&#8221;][vc_empty_space][\/vc_column][\/vc_row][vc_row][vc_column][vc_column_text]<\/p>\n<p style=\"text-align: center;\">Editorial y Revista<\/p>\n<p style=\"text-align: center;\">contato@swimchannel.com.br<\/p>\n<p style=\"text-align: center;\">Publicidad y Marketing<\/p>\n<p style=\"text-align: center;\">marketing@swimchannel.com.br<\/p>\n<p>[\/vc_column_text][\/vc_column][\/vc_row]<\/p>\n","protected":false},"excerpt":{"rendered":"<p>[vc_row][vc_column][vc_column_text] Descubra los servicios de SWIM CHANNEL Descubra los servicios de SWIM CHANNEL Swim Channel es hoy el mayor y principal HUB de contenido y servicios de nataci\u00f3n en Brasil. Nuestra misi\u00f3n es impulsar el segmento, ofreciendo soluciones que atiendan a los practicantes y simpatizantes del deporte. Somos un HUB de contenidos y servicios dirigidos [&hellip;]<\/p>\n","protected":false},"author":2,"featured_media":0,"parent":0,"menu_order":0,"comment_status":"closed","ping_status":"closed","template":"","meta":{"footnotes":""},"class_list":["post-6189","page","type-page","status-publish","hentry"],"_links":{"self":[{"href":"https:\/\/swimchannel.net\/la\/wp-json\/wp\/v2\/pages\/6189","targetHints":{"allow":["GET"]}}],"collection":[{"href":"https:\/\/swimchannel.net\/la\/wp-json\/wp\/v2\/pages"}],"about":[{"href":"https:\/\/swimchannel.net\/la\/wp-json\/wp\/v2\/types\/page"}],"author":[{"embeddable":true,"href":"https:\/\/swimchannel.net\/la\/wp-json\/wp\/v2\/users\/2"}],"replies":[{"embeddable":true,"href":"https:\/\/swimchannel.net\/la\/wp-json\/wp\/v2\/comments?post=6189"}],"version-history":[{"count":2,"href":"https:\/\/swimchannel.net\/la\/wp-json\/wp\/v2\/pages\/6189\/revisions"}],"predecessor-version":[{"id":42819,"href":"https:\/\/swimchannel.net\/la\/wp-json\/wp\/v2\/pages\/6189\/revisions\/42819"}],"wp:attachment":[{"href":"https:\/\/swimchannel.net\/la\/wp-json\/wp\/v2\/media?parent=6189"}],"curies":[{"name":"wp","href":"https:\/\/api.w.org\/{rel}","templated":true}]}}